{"id":27,"date":"2024-06-30T16:21:55","date_gmt":"2024-06-30T16:21:55","guid":{"rendered":"https:\/\/medjoy.se\/?page_id=27"},"modified":"2024-07-07T16:20:52","modified_gmt":"2024-07-07T16:20:52","slug":"tradgardsservice-i-eskilstuna","status":"publish","type":"page","link":"https:\/\/medjoy.se\/","title":{"rendered":"Tr\u00e4dg\u00e5rdsservice med gl\u00e4dje!"},"content":{"rendered":"\n<div class=\"wp-block-group alignfull\"><div class=\"wp-block-group__inner-container is-layout-constrained wp-block-group-is-layout-constrained\"><figure style=\"aspect-ratio:auto;height:250px;\" class=\"wp-block-post-featured-image\"><a href=\"https:\/\/medjoy.se\/\" target=\"_self\"  style=\"height:250px\"><img fetchpriority=\"high\" decoding=\"async\" width=\"597\" height=\"326\" src=\"https:\/\/medjoy.se\/wp-content\/uploads\/2024\/06\/MEDJOY_Vector_FA-copy-e1720368022545.jpg\" class=\"attachment-post-thumbnail size-post-thumbnail wp-post-image\" alt=\"Tr\u00e4dg\u00e5rdsservice med gl\u00e4dje!\" style=\"width:100%;height:100%;object-fit:contain;\" \/><\/a><\/figure>\n\n\n<div style=\"height:41px;width:0px\" aria-hidden=\"true\" class=\"wp-block-spacer\"><\/div>\n<\/div><\/div>\n\n\n\n<div class=\"wp-block-group\"><div class=\"wp-block-group__inner-container is-layout-constrained wp-block-group-is-layout-constrained\">\n<div class=\"wp-block-columns alignfull are-vertically-aligned-center is-layout-flex wp-container-core-columns-is-layout-9d6595d7 wp-block-columns-is-layout-flex\">\n<div class=\"wp-block-column is-vertically-aligned-center is-layout-flow wp-block-column-is-layout-flow\" style=\"flex-basis:25%\"><\/div>\n\n\n\n<div class=\"wp-block-column is-vertically-aligned-center is-layout-flow wp-block-column-is-layout-flow\" style=\"flex-basis:75%\">\n<h2 class=\"wp-block-heading alignfull has-text-align-left\">V\u00e4lkommen till mig med dina \u00f6nskem\u00e5l!<\/h2>\n\n\n\n<div style=\"height:26px\" aria-hidden=\"true\" class=\"wp-block-spacer\"><\/div>\n\n\n\n<ul class=\"wp-block-list\">\n<li>Gr\u00e4sklippning m. serviceavtal<\/li>\n\n\n\n<li>Ogr\u00e4srensning m. serviceavtal<\/li>\n\n\n\n<li>Bevattning m. serviceavtal<\/li>\n\n\n\n<li>ROBOTGR\u00c4SKLIPPARE<\/li>\n\n\n\n<li>Tr\u00e4dbesk\u00e4rning<\/li>\n\n\n\n<li>H\u00e4cktrimning<\/li>\n\n\n\n<li>Bortforsling<\/li>\n\n\n\n<li>Altantv\u00e4tt<\/li>\n\n\n\n<li>Fastighetssk\u00f6tsel<\/li>\n<\/ul>\n\n\n\n<div style=\"height:52px\" aria-hidden=\"true\" class=\"wp-block-spacer\"><\/div>\n\n\n\n<h5 class=\"wp-block-heading\">Jag erbjuder tr\u00e4dg\u00e5rdsservice av h\u00f6g kvalitet &#8211; allt efter dina behov och \u00f6nskem\u00e5l!<br><br><\/h5>\n<\/div>\n<\/div>\n<\/div><\/div>\n","protected":false},"excerpt":{"rendered":"<p>V\u00e4lkommen till mig med dina \u00f6nskem\u00e5l! Jag erbjuder tr\u00e4dg\u00e5rdsservice av h\u00f6g kvalitet &#8211; allt efter dina behov och \u00f6nskem\u00e5l!<\/p>\n","protected":false},"author":1,"featured_media":16,"parent":0,"menu_order":0,"comment_status":"closed","ping_status":"closed","template":"elementor_header_footer","meta":{"footnotes":""},"class_list":["post-27","page","type-page","status-publish","has-post-thumbnail","hentry"],"_links":{"self":[{"href":"https:\/\/medjoy.se\/index.php\/wp-json\/wp\/v2\/pages\/27","targetHints":{"allow":["GET"]}}],"collection":[{"href":"https:\/\/medjoy.se\/index.php\/wp-json\/wp\/v2\/pages"}],"about":[{"href":"https:\/\/medjoy.se\/index.php\/wp-json\/wp\/v2\/types\/page"}],"author":[{"embeddable":true,"href":"https:\/\/medjoy.se\/index.php\/wp-json\/wp\/v2\/users\/1"}],"replies":[{"embeddable":true,"href":"https:\/\/medjoy.se\/index.php\/wp-json\/wp\/v2\/comments?post=27"}],"version-history":[{"count":29,"href":"https:\/\/medjoy.se\/index.php\/wp-json\/wp\/v2\/pages\/27\/revisions"}],"predecessor-version":[{"id":155,"href":"https:\/\/medjoy.se\/index.php\/wp-json\/wp\/v2\/pages\/27\/revisions\/155"}],"wp:featuredmedia":[{"embeddable":true,"href":"https:\/\/medjoy.se\/index.php\/wp-json\/wp\/v2\/media\/16"}],"wp:attachment":[{"href":"https:\/\/medjoy.se\/index.php\/wp-json\/wp\/v2\/media?parent=27"}],"curies":[{"name":"wp","href":"https:\/\/api.w.org\/{rel}","templated":true}]}}