{"id":213,"date":"2026-04-08T13:54:04","date_gmt":"2026-04-08T13:54:04","guid":{"rendered":"https:\/\/medjoy.se\/?page_id=213"},"modified":"2026-04-08T13:57:58","modified_gmt":"2026-04-08T13:57:58","slug":"robot-kopvillkor","status":"publish","type":"page","link":"https:\/\/medjoy.se\/index.php\/kontakt\/robot-kopvillkor\/","title":{"rendered":"Robot K\u00f6pvillkor"},"content":{"rendered":"\n<p><strong>K\u00d6PVILLKOR ROBOTGR\u00c4SKLIPPARE MED JOY AB<\/strong><\/p>\n\n\n\n<p class=\"has-vivid-green-cyan-background-color has-background\"><strong>1. Allm\u00e4nt<\/strong><br>Dessa villkor g\u00e4ller vid k\u00f6p av robotgr\u00e4sklippare och\/eller tillh\u00f6rande installation mellan Med Joy AB och konsumenten.<br>Vid k\u00f6p av vara g\u00e4ller konsumentk\u00f6plagen, distansk\u00f6pslagen. Vid installation g\u00e4ller konsumenttj\u00e4nstlagen.<\/p>\n\n\n\n<p class=\"has-light-green-cyan-background-color has-background\"><strong>2. Omfattning<\/strong><br><strong>Avtalet omfattar:<\/strong><br>&#8211; K\u00f6p av robotgr\u00e4sklippare<br>&#8211; Installation av virtuell begr\u00e4nsning och\/eller begr\u00e4nsningskabel.<br><strong>Avtalet omfattar ej om inte s\u00e4rskilt angivet:<\/strong><br>&#8211; Markarbete med undantag f\u00f6r kabelfr\u00e4sning (gr\u00e4vning, sten, r\u00f6tter)<br>&#8211; Installation av referensstation EPOS RS1\/RS5\/4G<br>&#8211; Elinstallation<br>&#8211; Tr\u00e4dg\u00e5rdsjusteringar<br>&#8211; Efterjusteringar p.g.a. f\u00f6r\u00e4ndrad tomt<\/p>\n\n\n\n<p class=\"has-vivid-green-cyan-background-color has-background\"><strong>3. Pris och betalning<\/strong><br>&#8211; Pris enligt offert<br>&#8211; Vid ungef\u00e4rligt pris f\u00e5r det inte \u00f6verskridas med mer \u00e4n ca 25% utan godk\u00e4nnande fr\u00e5n konsument<br>&#8211; Betalning sker enligt \u00f6verenskommelse<br>&#8211; Fakturabetalning 14 dagar<\/p>\n\n\n\n<p class=\"has-light-green-cyan-background-color has-background\"><strong>4. Till\u00e4ggsarbeten<\/strong><br>&#8211; Till\u00e4ggsarbete debiteras enligt g\u00e4llande timpris&#8217;<br>&#8211; Kunden ska godk\u00e4nna till\u00e4gg i f\u00f6rv\u00e4g<br>&#8211; Akuta arbeten f\u00e5r utf\u00f6ras om kunden ej kan n\u00e5s<\/p>\n\n\n\n<p class=\"has-vivid-green-cyan-background-color has-background\"><strong>5. Installation och ansvar<\/strong><br>&#8211; Installation utf\u00f6rs fackmannam\u00e4ssigt<br>&#8211; Kunden ansvarar f\u00f6r att tomten \u00e4r f\u00f6rberedd och att korrekt information l\u00e4mnas<\/p>\n\n\n\n<p class=\"has-light-green-cyan-background-color has-background\"><strong>6. Leverans<\/strong><br>&#8211; Leveranstid enligt \u00f6verenskommelse<br>&#8211; F\u00f6rseningar kan ske p.g.a. v\u00e4der eller material<\/p>\n\n\n\n<p class=\"has-vivid-green-cyan-background-color has-background\"><strong>7. Reklamation och fel<\/strong><br>&#8211; Reklamationsr\u00e4tt 3 \u00e5r<br>&#8211; Installation reklameras inom sk\u00e4lig tid<\/p>\n\n\n\n<p class=\"has-light-green-cyan-background-color has-background\"><strong>8. Garanti<\/strong><br>&#8211; Garanti enligt Husqvarna AB k\u00f6pvillkor<br>&#8211; G\u00e4ller ej vid felaktig anv\u00e4ndning eller yttre p\u00e5verkan<\/p>\n\n\n\n<p class=\"has-vivid-green-cyan-background-color has-background\"><strong>9. Drift och funktion<\/strong><br>&#8211; Normal funktion inneb\u00e4r korrekt klippning \u00f6ver tid<br>&#8211; Mindre variationer r\u00e4knas inte som fel<\/p>\n\n\n\n<p class=\"has-light-green-cyan-background-color has-background\"><strong>10. Service och support<\/strong><br>&#8211; Support debiteras enligt prislista<\/p>\n\n\n\n<p class=\"has-vivid-green-cyan-background-color has-background\"><strong>11. Avbest\u00e4llning<\/strong><br>&#8211; Avbest\u00e4llning av produkt\/tj\u00e4nst ska ske minst 10 arbetsdagar f\u00f6re \u00f6verenskommet leveransdatum.<br>&#8211; Kunden ers\u00e4tter utf\u00f6rt arbete och material<\/p>\n\n\n\n<p class=\"has-light-green-cyan-background-color has-background\"><strong>12. Ansvarsbegr\u00e4nsning<\/strong><br>&#8211; S\u00e4ljaren ansvarar ej f\u00f6r indirekta skador (leveransskador, skador som skett under konsumentens anv\u00e4ndning)<\/p>\n\n\n\n<p class=\"has-vivid-green-cyan-background-color has-background\"><strong>13. \u00c4gander\u00e4tt<\/strong><br>&#8211; Produkten tillh\u00f6r s\u00e4ljaren tills full betalning erlagts<\/p>\n\n\n\n<p class=\"has-light-green-cyan-background-color has-background\"><strong>14. Tvist<\/strong><br>&#8211; Tvist l\u00f6ses I f\u00f6rsta hand via dialog mellan Med Joy AB och konsument, i annat fall via ARN eller svensk domstol.<\/p>\n\n\n\n<p><\/p>\n","protected":false},"excerpt":{"rendered":"<p>K\u00d6PVILLKOR ROBOTGR\u00c4SKLIPPARE MED JOY AB 1. Allm\u00e4ntDessa villkor g\u00e4ller vid k\u00f6p av robotgr\u00e4sklippare och\/eller tillh\u00f6rande installation mellan Med Joy AB och konsumenten.Vid k\u00f6p av vara g\u00e4ller konsumentk\u00f6plagen, distansk\u00f6pslagen. Vid installation g\u00e4ller konsumenttj\u00e4nstlagen. 2. OmfattningAvtalet omfattar:&#8211; K\u00f6p av robotgr\u00e4sklippare&#8211; Installation av virtuell begr\u00e4nsning och\/eller begr\u00e4nsningskabel.Avtalet omfattar ej om inte s\u00e4rskilt angivet:&#8211; Markarbete med undantag f\u00f6r kabelfr\u00e4sning [&hellip;]<\/p>\n","protected":false},"author":1,"featured_media":0,"parent":43,"menu_order":0,"comment_status":"closed","ping_status":"closed","template":"","meta":{"footnotes":""},"class_list":["post-213","page","type-page","status-publish","hentry"],"_links":{"self":[{"href":"https:\/\/medjoy.se\/index.php\/wp-json\/wp\/v2\/pages\/213","targetHints":{"allow":["GET"]}}],"collection":[{"href":"https:\/\/medjoy.se\/index.php\/wp-json\/wp\/v2\/pages"}],"about":[{"href":"https:\/\/medjoy.se\/index.php\/wp-json\/wp\/v2\/types\/page"}],"author":[{"embeddable":true,"href":"https:\/\/medjoy.se\/index.php\/wp-json\/wp\/v2\/users\/1"}],"replies":[{"embeddable":true,"href":"https:\/\/medjoy.se\/index.php\/wp-json\/wp\/v2\/comments?post=213"}],"version-history":[{"count":2,"href":"https:\/\/medjoy.se\/index.php\/wp-json\/wp\/v2\/pages\/213\/revisions"}],"predecessor-version":[{"id":215,"href":"https:\/\/medjoy.se\/index.php\/wp-json\/wp\/v2\/pages\/213\/revisions\/215"}],"up":[{"embeddable":true,"href":"https:\/\/medjoy.se\/index.php\/wp-json\/wp\/v2\/pages\/43"}],"wp:attachment":[{"href":"https:\/\/medjoy.se\/index.php\/wp-json\/wp\/v2\/media?parent=213"}],"curies":[{"name":"wp","href":"https:\/\/api.w.org\/{rel}","templated":true}]}}