{"id":200,"date":"2024-07-07T21:26:23","date_gmt":"2024-07-07T21:26:23","guid":{"rendered":"https:\/\/medjoy.se\/?page_id=200"},"modified":"2024-07-07T21:33:55","modified_gmt":"2024-07-07T21:33:55","slug":"om-med-joy-ab","status":"publish","type":"page","link":"https:\/\/medjoy.se\/index.php\/om-med-joy-ab\/","title":{"rendered":"Om Med Joy AB"},"content":{"rendered":"\n<div class=\"wp-block-media-text is-stacked-on-mobile\" style=\"grid-template-columns:25% auto\"><figure class=\"wp-block-media-text__media\"><img fetchpriority=\"high\" decoding=\"async\" width=\"1024\" height=\"972\" src=\"https:\/\/medjoy.se\/wp-content\/uploads\/2024\/07\/glad-joy-e1720386976247-1024x972.jpg\" alt=\"\" class=\"wp-image-202 size-full\" srcset=\"https:\/\/medjoy.se\/wp-content\/uploads\/2024\/07\/glad-joy-e1720386976247-1024x972.jpg 1024w, https:\/\/medjoy.se\/wp-content\/uploads\/2024\/07\/glad-joy-e1720386976247-300x285.jpg 300w, https:\/\/medjoy.se\/wp-content\/uploads\/2024\/07\/glad-joy-e1720386976247-768x729.jpg 768w, https:\/\/medjoy.se\/wp-content\/uploads\/2024\/07\/glad-joy-e1720386976247-1x1.jpg 1w, https:\/\/medjoy.se\/wp-content\/uploads\/2024\/07\/glad-joy-e1720386976247.jpg 1054w\" sizes=\"(max-width: 1024px) 100vw, 1024px\" \/><\/figure><div class=\"wp-block-media-text__content\">\n<p class=\"has-large-font-size\">Hej, jag heter Joy! <\/p>\n\n\n\n<div style=\"height:40px\" aria-hidden=\"true\" class=\"wp-block-spacer\"><\/div>\n\n\n\n<p class=\"has-medium-font-size\">Jag har tidigare i livet gjort b\u00e5de ditt och datt. Sedan 2016 har jag varit i hantverkar-\/fastighetssk\u00f6tar-<br>\/servicetekniker-yrken (och ett par \u00e5r i djuraff\u00e4r ocks\u00e5). Efter att ha provat m\u00e5nga olika yrken har jag konstaterat att service, kvalitet och naturen \u00e4r det roligaste jag vet att spendera 8 timmar om dygnet med &#8211; och s\u00e5 meka lite ocks\u00e5! <\/p>\n\n\n\n<div style=\"height:40px\" aria-hidden=\"true\" class=\"wp-block-spacer\"><\/div>\n\n\n\n<p class=\"has-medium-font-size\">2024 startade jag och min sambo Med Joy AB f\u00f6r att sj\u00e4lva f\u00e5 leverera kvalitativa tr\u00e4dg\u00e5rdstj\u00e4nster och robotgr\u00e4sklippare &#8211; Med Gl\u00e4dje!<\/p>\n<\/div><\/div>\n","protected":false},"excerpt":{"rendered":"","protected":false},"author":1,"featured_media":0,"parent":0,"menu_order":0,"comment_status":"closed","ping_status":"closed","template":"elementor_header_footer","meta":{"footnotes":""},"class_list":["post-200","page","type-page","status-publish","hentry"],"_links":{"self":[{"href":"https:\/\/medjoy.se\/index.php\/wp-json\/wp\/v2\/pages\/200","targetHints":{"allow":["GET"]}}],"collection":[{"href":"https:\/\/medjoy.se\/index.php\/wp-json\/wp\/v2\/pages"}],"about":[{"href":"https:\/\/medjoy.se\/index.php\/wp-json\/wp\/v2\/types\/page"}],"author":[{"embeddable":true,"href":"https:\/\/medjoy.se\/index.php\/wp-json\/wp\/v2\/users\/1"}],"replies":[{"embeddable":true,"href":"https:\/\/medjoy.se\/index.php\/wp-json\/wp\/v2\/comments?post=200"}],"version-history":[{"count":10,"href":"https:\/\/medjoy.se\/index.php\/wp-json\/wp\/v2\/pages\/200\/revisions"}],"predecessor-version":[{"id":212,"href":"https:\/\/medjoy.se\/index.php\/wp-json\/wp\/v2\/pages\/200\/revisions\/212"}],"wp:attachment":[{"href":"https:\/\/medjoy.se\/index.php\/wp-json\/wp\/v2\/media?parent=200"}],"curies":[{"name":"wp","href":"https:\/\/api.w.org\/{rel}","templated":true}]}}